{"id":1783,"date":"2025-01-10T13:00:29","date_gmt":"2025-01-10T19:00:29","guid":{"rendered":"https:\/\/appscamelot.com\/?page_id=1783"},"modified":"2025-01-10T13:00:31","modified_gmt":"2025-01-10T19:00:31","slug":"aviso-de-privacidad","status":"publish","type":"page","link":"https:\/\/appscamelot.com\/en\/aviso-de-privacidad\/","title":{"rendered":"Aviso de Privacidad"},"content":{"rendered":"\n<p><strong>CAMELOT APP STUDIO<\/strong>, con domicilio <strong>CALLE NUBE 523 COL. JARDINES DEL MORAL, LEON, GUANAJUATO CP 37160, M\u00c9XICO<\/strong>, es el responsable del uso y protecci\u00f3n de sus datos personales sobre las aplicaciones que proveemos entre ellas: PV1.mx TicketFactura.com, app.habittube.com, y al respecto le informamos lo siguiente:&nbsp;<\/p>\n\n\n\n<p><strong>\u00bfPara qu\u00e9 fines utilizaremos sus datos personales?<\/strong>&nbsp;<\/p>\n\n\n\n<p>Los datos personales que recabamos de usted, los utilizaremos para las siguientes finalidades que son necesarias para el servicio que solicita:&nbsp;<\/p>\n\n\n\n<ul class=\"wp-block-list\">\n<li><strong><em>Identificarlo como USUARIO de la aplicaci\u00f3n.<\/em><\/strong>\u00a0<\/li>\n\n\n\n<li><strong><em>Funcionamiento de la aplicaci\u00f3n para que usted pueda recibir notificaciones v\u00eda correo electr\u00f3nico sobre acciones que realice su empresa en el uso de la aplicaci\u00f3n.<\/em><\/strong>\u00a0<\/li>\n\n\n\n<li><strong><em>Brindarle soporte t\u00e9cnico y de uso de las aplicaciones que conforman nuestro servicio.<\/em><\/strong>\u00a0<\/li>\n\n\n\n<li><strong><em>Enviarle informaci\u00f3n sobre actualizaciones o cambios en las aplicaciones o nuestros servicios.<\/em><\/strong>\u00a0<\/li>\n\n\n\n<li><strong><em>Enviarle informaci\u00f3n sobre el estado de cuenta del servicio contratado.<\/em><\/strong>\u00a0<\/li>\n<\/ul>\n\n\n\n<p>De manera adicional, utilizaremos su informaci\u00f3n personal para las siguientes finalidades que\u202f<strong>no son necesarias<\/strong>\u202fpara el servicio solicitado, pero que nos permiten y facilitan brindarle una mejor atenci\u00f3n:&nbsp;<\/p>\n\n\n\n<ul class=\"wp-block-list\">\n<li><strong><em>Enviarle informaci\u00f3n sobre nuevos productos o servicios integrados o relacionados al servicio que le ofrecemos.<\/em><\/strong>\u00a0<\/li>\n<\/ul>\n\n\n\n<p>En caso de que no desee que sus datos personales sean tratados para estos fines adicionales, desde este momento usted nos puede comunicar lo anterior,\u202f<strong><em>envi\u00e1ndonos un correo electr\u00f3nico a la direcci\u00f3n de <\/em><\/strong><a href=\"mailto:contacto@appscamelot.com\" target=\"_blank\" rel=\"noreferrer noopener\"><strong><em>contacto@appscamelot.com<\/em><\/strong><\/a><strong><em>, indicando su cuenta de usuario y que no desea que su informaci\u00f3n sea tratado para los FINES ADICIONALES.<\/em><\/strong>&nbsp;<\/p>\n\n\n\n<p>La negativa para el uso de sus datos personales para estas FINALIDADES ADICIONALES no podr\u00e1 ser un motivo para que le neguemos los servicios y productos que solicita o contrata con nosotros.&nbsp;<\/p>\n\n\n\n<p><strong>\u00bfQu\u00e9 datos personales utilizaremos para estos fines?<\/strong>&nbsp;<\/p>\n\n\n\n<p>Para llevar a cabo las finalidades descritas en el presente aviso de privacidad, utilizaremos los siguientes datos personales:\u202f&nbsp;<\/p>\n\n\n\n<ul class=\"wp-block-list\">\n<li><strong>Datos de identificaci\u00f3n.<\/strong>\u202fInformaci\u00f3n concerniente a una persona f\u00edsica que permite diferenciarla de otras en una colectividad, tales como: nombre; estado civil; firma electr\u00f3nica; Registro Federal de Contribuyentes (RFC); Clave \u00danica de Registro de Poblaci\u00f3n (CURP); n\u00famero de cartilla militar; lugar y fecha de nacimiento; nacionalidad; fotograf\u00eda; edad, entre otros.\u00a0<\/li>\n\n\n\n<li><strong>Datos de contacto.<\/strong>\u202fInformaci\u00f3n que permite mantener o entrar en contacto con su titular, tal como: domicilio; correo electr\u00f3nico; tel\u00e9fono fijo; tel\u00e9fono celular, entre otra.\u00a0<\/li>\n<\/ul>\n\n\n\n<p><strong>\u00bfC\u00f3mo puede acceder, rectificar o cancelar sus datos personales, u oponerse a su uso?<\/strong>&nbsp;<br><br><\/p>\n\n\n\n<p>Usted tiene derecho a conocer qu\u00e9 datos personales tenemos de usted, para qu\u00e9 los utilizamos y las condiciones del uso que les damos (Acceso). Asimismo, es su derecho solicitar la correcci\u00f3n de su informaci\u00f3n personal en caso de que est\u00e9 desactualizada, sea inexacta o incompleta (Rectificaci\u00f3n); que la eliminemos de nuestros registros o bases de datos cuando considere que la misma no est\u00e1 siendo utilizada conforme a los principios, deberes y obligaciones previstas en la normativa (Cancelaci\u00f3n); as\u00ed como oponerse al uso de sus datos personales para fines espec\u00edficos (Oposici\u00f3n). Estos derechos se conocen como derechos ARCO.&nbsp;<\/p>\n\n\n\n<p>Para el ejercicio de cualquiera de los derechos ARCO, usted deber\u00e1 presentar la solicitud respectiva en\u202f<strong><em>v\u00eda correo electr\u00f3nico a la direcci\u00f3n <\/em><\/strong><a href=\"mailto:contacto@appscamelot.com\" target=\"_blank\" rel=\"noreferrer noopener\"><strong><em>contacto@appscamelot.com<\/em><\/strong><\/a><strong><em> firmada con una copia de su identificaci\u00f3n oficial e indicando la cuenta de usuario que nos permita identificar la informaci\u00f3n.<\/em><\/strong>&nbsp;<\/p>\n\n\n\n<p>Para conocer el procedimiento y requisitos para el ejercicio de los derechos ARCO, usted podr\u00e1 ponerse en contacto con nuestro Departamento de Privacidad al correo electr\u00f3nico contacto@appscamelot.com, que dar\u00e1 tr\u00e1mite a las solicitudes para el ejercicio de estos derechos, y atender\u00e1 cualquier duda que pudiera tener respecto al tratamiento de su informaci\u00f3n.&nbsp;<\/p>\n\n\n\n<p><strong>\u00bfC\u00f3mo puede revocar su consentimiento para el uso de sus datos personales?<\/strong>&nbsp;<\/p>\n\n\n\n<p>&nbsp;<br>Usted puede revocar el consentimiento que, en su caso, nos haya otorgado para el tratamiento de sus datos personales. Sin embargo, es importante que tenga en cuenta que no en todos los casos podremos atender su solicitud o concluir el uso de forma inmediata, ya que es posible que por alguna obligaci\u00f3n legal requiramos seguir tratando sus datos personales. Asimismo, usted deber\u00e1 considerar que para ciertos fines, la revocaci\u00f3n de su consentimiento implicar\u00e1 que no le podamos seguir prestando el servicio que nos solicit\u00f3, o la conclusi\u00f3n de su relaci\u00f3n con nosotros.&nbsp;<\/p>\n\n\n\n<p>Para revocar su consentimiento deber\u00e1 presentar su solicitud <strong><em>v\u00eda correo electr\u00f3nico a la direcci\u00f3n <\/em><\/strong><a href=\"mailto:contacto@appscamelot.com\" target=\"_blank\" rel=\"noreferrer noopener\"><strong><em>contacto@appscamelot.com<\/em><\/strong><\/a><strong><em> firmada con una copia de su identificaci\u00f3n oficial e indicando la cuenta de usuario que nos permita identificar la informaci\u00f3n.<\/em><\/strong>&nbsp;<\/p>\n\n\n\n<p><strong>\u00bfC\u00f3mo puede limitar el uso o divulgaci\u00f3n de su informaci\u00f3n personal?\u202f<\/strong>&nbsp;<br>&nbsp;<\/p>\n\n\n\n<p>Con objeto de que usted pueda limitar el uso y divulgaci\u00f3n de su informaci\u00f3n personal, le ofrecemos los siguientes medios:&nbsp;<\/p>\n\n\n\n<ul class=\"wp-block-list\">\n<li>Su inscripci\u00f3n en el Registro P\u00fablico para Evitar Publicidad, que est\u00e1 a cargo de la Procuradur\u00eda Federal del Consumidor, con la finalidad de que sus datos personales no sean utilizados para recibir publicidad o promociones de empresas de bienes o servicios. Para mayor informaci\u00f3n sobre este registro, usted puede consultar el portal de Internet de la PROFECO, o bien ponerse en contacto directo con \u00e9sta.\u00a0<\/li>\n\n\n\n<li>Su registro en el listado de correos electr\u00f3nicos de exclusi\u00f3n enviando un correo electr\u00f3nico a la cuenta <a href=\"mailto:unsuscribe@appscamelot.com\" target=\"_blank\" rel=\"noreferrer noopener\">unsuscribe@appscamelot.com<\/a> desde la cuenta de correo electr\u00f3nico que desea limitar el env\u00edo de informaci\u00f3n de publicidad o mercadotecnia.\u00a0<\/li>\n<\/ul>\n\n\n\n<p><strong>El uso de tecnolog\u00edas de rastreo en nuestro portal de Internet<\/strong>&nbsp;<br>Le informamos que en nuestra p\u00e1gina de Internet utilizamos\u202f<em>cookies<\/em>,\u202f<em>web beacons<\/em>\u202fy otras tecnolog\u00edas a trav\u00e9s de las cuales es posible monitorear su comportamiento como usuario de Internet, as\u00ed como brindarle un mejor servicio y experiencia de usuario al navegar en nuestra p\u00e1gina.&nbsp;<\/p>\n\n\n\n<p>Los datos personales que obtenemos de estas tecnolog\u00edas de rastreo son los siguientes:\u202f<strong><em>Direcci\u00f3n IP, Sistema Operativo, Aplicaci\u00f3n de Internet, Fecha y Hora, Ubicaci\u00f3n Geogr\u00e1fica,<\/em><\/strong>\u202fmismos que utilizamos para\u202f<strong><em>bit\u00e1ctoras de seguridad.<\/em><\/strong>\u202fAsimismo, le informamos que no compartiremos estos datos con ninguna empresa o instituci\u00f3n externa a menos que exista un procedimiento legal&nbsp; o judicial que nos obligue a realizarlo.&nbsp;<\/p>\n\n\n\n<p>\u202f&nbsp;<\/p>\n\n\n\n<p>Estas tecnolog\u00edas podr\u00e1n deshabilitarse \u00fanicamente cancelando el servicio contratado.&nbsp;<\/p>\n\n\n\n<p><strong>\u00bfC\u00f3mo puede conocer los cambios a este aviso de privacidad?<\/strong>&nbsp;<br>&nbsp;<\/p>\n\n\n\n<p>El presente aviso de privacidad puede sufrir modificaciones, cambios o actualizaciones derivadas de nuevos requerimientos legales; de nuestras propias necesidades por los productos o servicios que ofrecemos; de nuestras pr\u00e1cticas de privacidad; de cambios en nuestro modelo de negocio, o por otras causas.&nbsp;<\/p>\n\n\n\n<p>Nos comprometemos a mantenerlo informado sobre los cambios que pueda sufrir el presente aviso de privacidad, a trav\u00e9s de la direcci\u00f3n de internet <strong>http:\/\/www.appscamelot.com<em>.<\/em><\/strong>&nbsp;<\/p>\n\n\n\n<p>\u202f&nbsp; \u00daltima actualizaci\u00f3n\u202f<strong>[<em>06\/enero\/2025<\/em>]<\/strong><strong>.<\/strong><\/p>\n","protected":false},"excerpt":{"rendered":"<p>CAMELOT APP STUDIO, con domicilio CALLE NUBE 523 COL. JARDINES DEL MORAL, LEON, [&hellip;]<\/p>\n","protected":false},"author":2,"featured_media":0,"parent":0,"menu_order":0,"comment_status":"closed","ping_status":"closed","template":"","meta":{"footnotes":""},"class_list":["post-1783","page","type-page","status-publish","hentry"],"_links":{"self":[{"href":"https:\/\/appscamelot.com\/en\/wp-json\/wp\/v2\/pages\/1783","targetHints":{"allow":["GET"]}}],"collection":[{"href":"https:\/\/appscamelot.com\/en\/wp-json\/wp\/v2\/pages"}],"about":[{"href":"https:\/\/appscamelot.com\/en\/wp-json\/wp\/v2\/types\/page"}],"author":[{"embeddable":true,"href":"https:\/\/appscamelot.com\/en\/wp-json\/wp\/v2\/users\/2"}],"replies":[{"embeddable":true,"href":"https:\/\/appscamelot.com\/en\/wp-json\/wp\/v2\/comments?post=1783"}],"version-history":[{"count":1,"href":"https:\/\/appscamelot.com\/en\/wp-json\/wp\/v2\/pages\/1783\/revisions"}],"predecessor-version":[{"id":1784,"href":"https:\/\/appscamelot.com\/en\/wp-json\/wp\/v2\/pages\/1783\/revisions\/1784"}],"wp:attachment":[{"href":"https:\/\/appscamelot.com\/en\/wp-json\/wp\/v2\/media?parent=1783"}],"curies":[{"name":"wp","href":"https:\/\/api.w.org\/{rel}","templated":true}]}}